{"id":155,"date":"2025-09-22T15:47:36","date_gmt":"2025-09-22T15:47:36","guid":{"rendered":"https:\/\/mercandissaglik.com\/?page_id=155"},"modified":"2025-09-22T17:12:31","modified_gmt":"2025-09-22T17:12:31","slug":"pedodonti-cocuk-dis-hekimligi","status":"publish","type":"page","link":"https:\/\/mercandissaglik.com\/index.php\/pedodonti-cocuk-dis-hekimligi\/","title":{"rendered":"Pedodonti \u00c7ocuk Di\u015f Hekimli\u011fi"},"content":{"rendered":"","protected":false},"excerpt":{"rendered":"","protected":false},"author":1,"featured_media":0,"parent":0,"menu_order":0,"comment_status":"open","ping_status":"closed","template":"","meta":{"_joinchat":[],"footnotes":""},"class_list":["post-155","page","type-page","status-publish","hentry"],"_links":{"self":[{"href":"https:\/\/mercandissaglik.com\/index.php\/wp-json\/wp\/v2\/pages\/155","targetHints":{"allow":["GET"]}}],"collection":[{"href":"https:\/\/mercandissaglik.com\/index.php\/wp-json\/wp\/v2\/pages"}],"about":[{"href":"https:\/\/mercandissaglik.com\/index.php\/wp-json\/wp\/v2\/types\/page"}],"author":[{"embeddable":true,"href":"https:\/\/mercandissaglik.com\/index.php\/wp-json\/wp\/v2\/users\/1"}],"replies":[{"embeddable":true,"href":"https:\/\/mercandissaglik.com\/index.php\/wp-json\/wp\/v2\/comments?post=155"}],"version-history":[{"count":1,"href":"https:\/\/mercandissaglik.com\/index.php\/wp-json\/wp\/v2\/pages\/155\/revisions"}],"predecessor-version":[{"id":156,"href":"https:\/\/mercandissaglik.com\/index.php\/wp-json\/wp\/v2\/pages\/155\/revisions\/156"}],"wp:attachment":[{"href":"https:\/\/mercandissaglik.com\/index.php\/wp-json\/wp\/v2\/media?parent=155"}],"curies":[{"name":"wp","href":"https:\/\/api.w.org\/{rel}","templated":true}]}}