{"id":164,"date":"2025-09-22T16:01:18","date_gmt":"2025-09-22T16:01:18","guid":{"rendered":"https:\/\/mercandissaglik.com\/?page_id=164"},"modified":"2025-09-22T17:11:01","modified_gmt":"2025-09-22T17:11:01","slug":"restoratif-dis-hekimligi-saglikli-ve-estetik-dis-cozumleri","status":"publish","type":"page","link":"https:\/\/mercandissaglik.com\/index.php\/restoratif-dis-hekimligi-saglikli-ve-estetik-dis-cozumleri\/","title":{"rendered":"Restoratif Di\u015f Hekimli\u011fi \u2013 Sa\u011fl\u0131kl\u0131 ve Estetik Di\u015f \u00c7\u00f6z\u00fcmleri"},"content":{"rendered":"","protected":false},"excerpt":{"rendered":"","protected":false},"author":1,"featured_media":0,"parent":0,"menu_order":0,"comment_status":"open","ping_status":"closed","template":"","meta":{"_joinchat":[],"footnotes":""},"class_list":["post-164","page","type-page","status-publish","hentry"],"_links":{"self":[{"href":"https:\/\/mercandissaglik.com\/index.php\/wp-json\/wp\/v2\/pages\/164","targetHints":{"allow":["GET"]}}],"collection":[{"href":"https:\/\/mercandissaglik.com\/index.php\/wp-json\/wp\/v2\/pages"}],"about":[{"href":"https:\/\/mercandissaglik.com\/index.php\/wp-json\/wp\/v2\/types\/page"}],"author":[{"embeddable":true,"href":"https:\/\/mercandissaglik.com\/index.php\/wp-json\/wp\/v2\/users\/1"}],"replies":[{"embeddable":true,"href":"https:\/\/mercandissaglik.com\/index.php\/wp-json\/wp\/v2\/comments?post=164"}],"version-history":[{"count":1,"href":"https:\/\/mercandissaglik.com\/index.php\/wp-json\/wp\/v2\/pages\/164\/revisions"}],"predecessor-version":[{"id":165,"href":"https:\/\/mercandissaglik.com\/index.php\/wp-json\/wp\/v2\/pages\/164\/revisions\/165"}],"wp:attachment":[{"href":"https:\/\/mercandissaglik.com\/index.php\/wp-json\/wp\/v2\/media?parent=164"}],"curies":[{"name":"wp","href":"https:\/\/api.w.org\/{rel}","templated":true}]}}